{"id":66,"date":"2023-07-17T14:30:53","date_gmt":"2023-07-17T14:30:53","guid":{"rendered":"http:\/\/noxiy.local\/?page_id=66"},"modified":"2023-09-20T10:00:21","modified_gmt":"2023-09-20T10:00:21","slug":"proiecte","status":"publish","type":"page","link":"https:\/\/ferner.ro\/de\/proiecte\/","title":{"rendered":"Projekte"},"content":{"rendered":"<div data-elementor-type=\"wp-page\" data-elementor-id=\"66\" class=\"elementor elementor-66\" data-elementor-post-type=\"page\">\n\t\t\t\t\t\t\t\t\t<section class=\"elementor-section elementor-top-section elementor-element elementor-element-4087112 elementor-section-full_width elementor-section-height-default elementor-section-height-default\" data-id=\"4087112\" data-element_type=\"section\">\n\t\t\t\t\t\t<div class=\"elementor-container elementor-column-gap-no\">\n\t\t\t\t\t<div class=\"elementor-column elementor-col-100 elementor-top-column elementor-element elementor-element-98ebee3\" data-id=\"98ebee3\" data-element_type=\"column\">\n\t\t\t<div class=\"elementor-widget-wrap elementor-element-populated\">\n\t\t\t\t\t\t\t\t<div class=\"elementor-element elementor-element-eb810a6 elementor-widget elementor-widget-portfolio_noxiy\" data-id=\"eb810a6\" data-element_type=\"widget\" data-widget_type=\"portfolio_noxiy.default\">\n\t\t\t\t<div class=\"elementor-widget-container\">\n\t\t\t\r\n        \r\n        \r\n        \r\n    \r\n    \t<!-- Portfolio Area Start -->\r\n\t    <div class=\"portfolio__one\">\r\n            <div class=\"row\">\r\n                            <div class=\"col-xl-3 col-lg-6 mt-25\">\r\n                    <div class=\"project__one-item\">\r\n                        <img decoding=\"async\" class=\"img__full\" src=\"https:\/\/ferner.ro\/wp-content\/uploads\/2023\/09\/balustrade-1-2.webp\" alt=\"Au\u00dfengel\u00e4nder\">\r\n                        <div class=\"project__one-item-content\">\r\n                            <span>Projekte<\/span>\r\n                            <h4><a href=\"https:\/\/ferner.ro\/de\/portfolio\/balustrade-exterioare\/\">Au\u00dfengel\u00e4nder<\/a><\/h4>\r\n                        <\/div>\r\n                    <\/div>\r\n                <\/div>\r\n                            <div class=\"col-xl-3 col-lg-6 mt-25\">\r\n                    <div class=\"project__one-item\">\r\n                        <img decoding=\"async\" class=\"img__full\" src=\"https:\/\/ferner.ro\/wp-content\/uploads\/2023\/09\/balustrade-int-1-2.webp\" alt=\"Innengel\u00e4nder\">\r\n                        <div class=\"project__one-item-content\">\r\n                            <span>Projekte<\/span>\r\n                            <h4><a href=\"https:\/\/ferner.ro\/de\/portfolio\/balustrade-interior\/\">Innengel\u00e4nder<\/a><\/h4>\r\n                        <\/div>\r\n                    <\/div>\r\n                <\/div>\r\n                            <div class=\"col-xl-3 col-lg-6 mt-25\">\r\n                    <div class=\"project__one-item\">\r\n                        <img decoding=\"async\" class=\"img__full\" src=\"https:\/\/ferner.ro\/wp-content\/uploads\/2023\/09\/cabine-1-2.webp\" alt=\"Duschkabinen\">\r\n                        <div class=\"project__one-item-content\">\r\n                            <span>Projekte<\/span>\r\n                            <h4><a href=\"https:\/\/ferner.ro\/de\/portfolio\/cabine-dus\/\">Duschkabinen<\/a><\/h4>\r\n                        <\/div>\r\n                    <\/div>\r\n                <\/div>\r\n                            <div class=\"col-xl-3 col-lg-6 mt-25\">\r\n                    <div class=\"project__one-item\">\r\n                        <img decoding=\"async\" class=\"img__full\" src=\"https:\/\/ferner.ro\/wp-content\/uploads\/2023\/09\/compartimentari-1.webp.webp\" alt=\"Partitionen\">\r\n                        <div class=\"project__one-item-content\">\r\n                            <span>Projekte<\/span>\r\n                            <h4><a href=\"https:\/\/ferner.ro\/de\/portfolio\/compartimentari\/\">Partitionen<\/a><\/h4>\r\n                        <\/div>\r\n                    <\/div>\r\n                <\/div>\r\n                            <div class=\"col-xl-3 col-lg-6 mt-25\">\r\n                    <div class=\"project__one-item\">\r\n                        <img decoding=\"async\" class=\"img__full\" src=\"https:\/\/ferner.ro\/wp-content\/uploads\/2023\/09\/copertine-1-2.webp\" alt=\"Schuppen\">\r\n                        <div class=\"project__one-item-content\">\r\n                            <span>Projekte<\/span>\r\n                            <h4><a href=\"https:\/\/ferner.ro\/de\/portfolio\/copertine\/\">Schuppen<\/a><\/h4>\r\n                        <\/div>\r\n                    <\/div>\r\n                <\/div>\r\n                            <div class=\"col-xl-3 col-lg-6 mt-25\">\r\n                    <div class=\"project__one-item\">\r\n                        <img decoding=\"async\" class=\"img__full\" src=\"https:\/\/ferner.ro\/wp-content\/uploads\/2023\/09\/gard-metalic-1-2.webp\" alt=\"Metall-Zaun\">\r\n                        <div class=\"project__one-item-content\">\r\n                            <span>Projekte<\/span>\r\n                            <h4><a href=\"https:\/\/ferner.ro\/de\/portfolio\/gard-metalic\/\">Metall-Zaun<\/a><\/h4>\r\n                        <\/div>\r\n                    <\/div>\r\n                <\/div>\r\n                            <div class=\"col-xl-3 col-lg-6 mt-25\">\r\n                    <div class=\"project__one-item\">\r\n                        <img decoding=\"async\" class=\"img__full\" src=\"https:\/\/ferner.ro\/wp-content\/uploads\/2023\/09\/terasa-1.webp.webp\" alt=\"Die Schlie\u00dfung der Balkon\/Terrasse\">\r\n                        <div class=\"project__one-item-content\">\r\n                            <span>Projekte<\/span>\r\n                            <h4><a href=\"https:\/\/ferner.ro\/de\/portfolio\/inchideri-balcon-terasa\/\">Die Schlie\u00dfung der Balkon\/Terrasse<\/a><\/h4>\r\n                        <\/div>\r\n                    <\/div>\r\n                <\/div>\r\n                            <div class=\"col-xl-3 col-lg-6 mt-25\">\r\n                    <div class=\"project__one-item\">\r\n                        <img decoding=\"async\" class=\"img__full\" src=\"https:\/\/ferner.ro\/wp-content\/uploads\/2023\/09\/paravane-preview.png\" alt=\"Duschw\u00e4nde\">\r\n                        <div class=\"project__one-item-content\">\r\n                            <span>Projekte<\/span>\r\n                            <h4><a href=\"https:\/\/ferner.ro\/de\/portfolio\/paravane-dus\/\">Duschw\u00e4nde<\/a><\/h4>\r\n                        <\/div>\r\n                    <\/div>\r\n                <\/div>\r\n                            <div class=\"col-xl-3 col-lg-6 mt-25\">\r\n                    <div class=\"project__one-item\">\r\n                        <img decoding=\"async\" class=\"img__full\" src=\"https:\/\/ferner.ro\/wp-content\/uploads\/2023\/09\/bioclimatica-preview.png\" alt=\"Bioklimatische Pergola\">\r\n                        <div class=\"project__one-item-content\">\r\n                            <span>Projekte<\/span>\r\n                            <h4><a href=\"https:\/\/ferner.ro\/de\/portfolio\/pergola-bioclimatica\/\">Bioklimatische Pergola<\/a><\/h4>\r\n                        <\/div>\r\n                    <\/div>\r\n                <\/div>\r\n                            <div class=\"col-xl-3 col-lg-6 mt-25\">\r\n                    <div class=\"project__one-item\">\r\n                        <img decoding=\"async\" class=\"img__full\" src=\"https:\/\/ferner.ro\/wp-content\/uploads\/2023\/09\/bioclimatica-inchisa-preview.png\" alt=\"Geschlossene bioklimatische Pergola\">\r\n                        <div class=\"project__one-item-content\">\r\n                            <span>Projekte<\/span>\r\n                            <h4><a href=\"https:\/\/ferner.ro\/de\/portfolio\/pergola-bioclimatica-inchisa\/\">Geschlossene bioklimatische Pergola<\/a><\/h4>\r\n                        <\/div>\r\n                    <\/div>\r\n                <\/div>\r\n                            <div class=\"col-xl-3 col-lg-6 mt-25\">\r\n                    <div class=\"project__one-item\">\r\n                        <img decoding=\"async\" class=\"img__full\" src=\"https:\/\/ferner.ro\/wp-content\/uploads\/2023\/09\/pergola-membrana-pewview.png\" alt=\"Pergola mit Membran\">\r\n                        <div class=\"project__one-item-content\">\r\n                            <span>Projekte<\/span>\r\n                            <h4><a href=\"https:\/\/ferner.ro\/de\/portfolio\/pergola-cu-membrana\/\">Pergola mit Membran<\/a><\/h4>\r\n                        <\/div>\r\n                    <\/div>\r\n                <\/div>\r\n                            <div class=\"col-xl-3 col-lg-6 mt-25\">\r\n                    <div class=\"project__one-item\">\r\n                        <img decoding=\"async\" class=\"img__full\" src=\"https:\/\/ferner.ro\/wp-content\/uploads\/2023\/09\/pmi-preview.png\" alt=\"Geschlossene Membranpergola\">\r\n                        <div class=\"project__one-item-content\">\r\n                            <span>Projekte<\/span>\r\n                            <h4><a href=\"https:\/\/ferner.ro\/de\/portfolio\/pergola-cu-membrana-inchisa\/\">Geschlossene Membranpergola<\/a><\/h4>\r\n                        <\/div>\r\n                    <\/div>\r\n                <\/div>\r\n                            <div class=\"col-xl-3 col-lg-6 mt-25\">\r\n                    <div class=\"project__one-item\">\r\n                        <img decoding=\"async\" class=\"img__full\" src=\"https:\/\/ferner.ro\/wp-content\/uploads\/2023\/09\/placari-preview.png\" alt=\"Verkleidung mit Glas\">\r\n                        <div class=\"project__one-item-content\">\r\n                            <span>Projekte<\/span>\r\n                            <h4><a href=\"https:\/\/ferner.ro\/de\/portfolio\/placari-cu-sticla\/\">Verkleidung mit Glas<\/a><\/h4>\r\n                        <\/div>\r\n                    <\/div>\r\n                <\/div>\r\n                            <div class=\"col-xl-3 col-lg-6 mt-25\">\r\n                    <div class=\"project__one-item\">\r\n                        <img decoding=\"async\" class=\"img__full\" src=\"https:\/\/ferner.ro\/wp-content\/uploads\/2023\/09\/usi-preview.png\" alt=\"Glast\u00fcren\">\r\n                        <div class=\"project__one-item-content\">\r\n                            <span>Projekte<\/span>\r\n                            <h4><a href=\"https:\/\/ferner.ro\/de\/portfolio\/usi-din-sticla\/\">Glast\u00fcren<\/a><\/h4>\r\n                        <\/div>\r\n                    <\/div>\r\n                <\/div>\r\n                        <\/div>\r\n        <\/div>\r\n    \r\n\t\t<\/div>\n\t\t\t\t<\/div>\n\t\t\t\t\t<\/div>\n\t\t<\/div>\n\t\t\t\t\t\t\t<\/div>\n\t\t<\/section>\n\t\t\t\t\t\t\t<\/div>","protected":false},"excerpt":{"rendered":"<p>Proiecte Balustrade exterior Proiecte Balustrade interior Proiecte Cabine du\u0219 Proiecte Compartiment\u0103ri Proiecte Copertine Proiecte Gard metalic Proiecte \u00cenchideri balcon\/teras\u0103 Proiecte Paravane du\u0219 Proiecte Pergol\u0103 \ufeffbioclimatic\u0103 Proiecte Pergol\u0103 bioclimatic\u0103 \u00eenchis\u0103 Proiecte Pergol\u0103 cu membran\u0103 Proiecte Pergol\u0103 cu membran\u0103 \u00eenchis\u0103 Proiecte Plac\u0103ri cu sticl\u0103 Proiecte U\u0219i din sticl\u0103<\/p>","protected":false},"author":1,"featured_media":5015,"parent":0,"menu_order":0,"comment_status":"closed","ping_status":"closed","template":"page-builder.php","meta":{"footnotes":""},"class_list":["post-66","page","type-page","status-publish","has-post-thumbnail","hentry"],"_links":{"self":[{"href":"https:\/\/ferner.ro\/de\/wp-json\/wp\/v2\/pages\/66","targetHints":{"allow":["GET"]}}],"collection":[{"href":"https:\/\/ferner.ro\/de\/wp-json\/wp\/v2\/pages"}],"about":[{"href":"https:\/\/ferner.ro\/de\/wp-json\/wp\/v2\/types\/page"}],"author":[{"embeddable":true,"href":"https:\/\/ferner.ro\/de\/wp-json\/wp\/v2\/users\/1"}],"replies":[{"embeddable":true,"href":"https:\/\/ferner.ro\/de\/wp-json\/wp\/v2\/comments?post=66"}],"version-history":[{"count":15,"href":"https:\/\/ferner.ro\/de\/wp-json\/wp\/v2\/pages\/66\/revisions"}],"predecessor-version":[{"id":4694,"href":"https:\/\/ferner.ro\/de\/wp-json\/wp\/v2\/pages\/66\/revisions\/4694"}],"wp:featuredmedia":[{"embeddable":true,"href":"https:\/\/ferner.ro\/de\/wp-json\/wp\/v2\/media\/5015"}],"wp:attachment":[{"href":"https:\/\/ferner.ro\/de\/wp-json\/wp\/v2\/media?parent=66"}],"curies":[{"name":"wp","href":"https:\/\/api.w.org\/{rel}","templated":true}]}}