{"id":66,"date":"2023-07-17T14:30:53","date_gmt":"2023-07-17T14:30:53","guid":{"rendered":"http:\/\/noxiy.local\/?page_id=66"},"modified":"2023-09-20T10:00:21","modified_gmt":"2023-09-20T10:00:21","slug":"proiecte","status":"publish","type":"page","link":"https:\/\/ferner.ro\/it\/proiecte\/","title":{"rendered":"Progetti"},"content":{"rendered":"<div data-elementor-type=\"wp-page\" data-elementor-id=\"66\" class=\"elementor elementor-66\" data-elementor-post-type=\"page\">\n\t\t\t\t\t\t\t\t\t<section class=\"elementor-section elementor-top-section elementor-element elementor-element-4087112 elementor-section-full_width elementor-section-height-default elementor-section-height-default\" data-id=\"4087112\" data-element_type=\"section\">\n\t\t\t\t\t\t<div class=\"elementor-container elementor-column-gap-no\">\n\t\t\t\t\t<div class=\"elementor-column elementor-col-100 elementor-top-column elementor-element elementor-element-98ebee3\" data-id=\"98ebee3\" data-element_type=\"column\">\n\t\t\t<div class=\"elementor-widget-wrap elementor-element-populated\">\n\t\t\t\t\t\t\t\t<div class=\"elementor-element elementor-element-eb810a6 elementor-widget elementor-widget-portfolio_noxiy\" data-id=\"eb810a6\" data-element_type=\"widget\" data-widget_type=\"portfolio_noxiy.default\">\n\t\t\t\t<div class=\"elementor-widget-container\">\n\t\t\t\r\n        \r\n        \r\n        \r\n    \r\n    \t<!-- Portfolio Area Start -->\r\n\t    <div class=\"portfolio__one\">\r\n            <div class=\"row\">\r\n                            <div class=\"col-xl-3 col-lg-6 mt-25\">\r\n                    <div class=\"project__one-item\">\r\n                        <img decoding=\"async\" class=\"img__full\" src=\"https:\/\/ferner.ro\/wp-content\/uploads\/2023\/09\/balustrade-1-2.webp\" alt=\"Ringhiere esterne\">\r\n                        <div class=\"project__one-item-content\">\r\n                            <span>Progetti<\/span>\r\n                            <h4><a href=\"https:\/\/ferner.ro\/it\/portfolio\/balustrade-exterioare\/\">Ringhiere esterne<\/a><\/h4>\r\n                        <\/div>\r\n                    <\/div>\r\n                <\/div>\r\n                            <div class=\"col-xl-3 col-lg-6 mt-25\">\r\n                    <div class=\"project__one-item\">\r\n                        <img decoding=\"async\" class=\"img__full\" src=\"https:\/\/ferner.ro\/wp-content\/uploads\/2023\/09\/balustrade-int-1-2.webp\" alt=\"Ringhiere interne\">\r\n                        <div class=\"project__one-item-content\">\r\n                            <span>Progetti<\/span>\r\n                            <h4><a href=\"https:\/\/ferner.ro\/it\/portfolio\/balustrade-interior\/\">Ringhiere interne<\/a><\/h4>\r\n                        <\/div>\r\n                    <\/div>\r\n                <\/div>\r\n                            <div class=\"col-xl-3 col-lg-6 mt-25\">\r\n                    <div class=\"project__one-item\">\r\n                        <img decoding=\"async\" class=\"img__full\" src=\"https:\/\/ferner.ro\/wp-content\/uploads\/2023\/09\/cabine-1-2.webp\" alt=\"Cabine doccia\">\r\n                        <div class=\"project__one-item-content\">\r\n                            <span>Progetti<\/span>\r\n                            <h4><a href=\"https:\/\/ferner.ro\/it\/portfolio\/cabine-dus\/\">Cabine doccia<\/a><\/h4>\r\n                        <\/div>\r\n                    <\/div>\r\n                <\/div>\r\n                            <div class=\"col-xl-3 col-lg-6 mt-25\">\r\n                    <div class=\"project__one-item\">\r\n                        <img decoding=\"async\" class=\"img__full\" src=\"https:\/\/ferner.ro\/wp-content\/uploads\/2023\/09\/compartimentari-1.webp.webp\" alt=\"Partizionamento\">\r\n                        <div class=\"project__one-item-content\">\r\n                            <span>Progetti<\/span>\r\n                            <h4><a href=\"https:\/\/ferner.ro\/it\/portfolio\/compartimentari\/\">Partizionamento<\/a><\/h4>\r\n                        <\/div>\r\n                    <\/div>\r\n                <\/div>\r\n                            <div class=\"col-xl-3 col-lg-6 mt-25\">\r\n                    <div class=\"project__one-item\">\r\n                        <img decoding=\"async\" class=\"img__full\" src=\"https:\/\/ferner.ro\/wp-content\/uploads\/2023\/09\/copertine-1-2.webp\" alt=\"Tende da sole\">\r\n                        <div class=\"project__one-item-content\">\r\n                            <span>Progetti<\/span>\r\n                            <h4><a href=\"https:\/\/ferner.ro\/it\/portfolio\/copertine\/\">Tende da sole<\/a><\/h4>\r\n                        <\/div>\r\n                    <\/div>\r\n                <\/div>\r\n                            <div class=\"col-xl-3 col-lg-6 mt-25\">\r\n                    <div class=\"project__one-item\">\r\n                        <img decoding=\"async\" class=\"img__full\" src=\"https:\/\/ferner.ro\/wp-content\/uploads\/2023\/09\/gard-metalic-1-2.webp\" alt=\"Recinzione metallica\">\r\n                        <div class=\"project__one-item-content\">\r\n                            <span>Progetti<\/span>\r\n                            <h4><a href=\"https:\/\/ferner.ro\/it\/portfolio\/gard-metalic\/\">Recinzione metallica<\/a><\/h4>\r\n                        <\/div>\r\n                    <\/div>\r\n                <\/div>\r\n                            <div class=\"col-xl-3 col-lg-6 mt-25\">\r\n                    <div class=\"project__one-item\">\r\n                        <img decoding=\"async\" class=\"img__full\" src=\"https:\/\/ferner.ro\/wp-content\/uploads\/2023\/09\/terasa-1.webp.webp\" alt=\"Chiusure balcone\/terrazzo\">\r\n                        <div class=\"project__one-item-content\">\r\n                            <span>Progetti<\/span>\r\n                            <h4><a href=\"https:\/\/ferner.ro\/it\/portfolio\/inchideri-balcon-terasa\/\">Chiusure balcone\/terrazzo<\/a><\/h4>\r\n                        <\/div>\r\n                    <\/div>\r\n                <\/div>\r\n                            <div class=\"col-xl-3 col-lg-6 mt-25\">\r\n                    <div class=\"project__one-item\">\r\n                        <img decoding=\"async\" class=\"img__full\" src=\"https:\/\/ferner.ro\/wp-content\/uploads\/2023\/09\/paravane-preview.png\" alt=\"Schermi doccia\">\r\n                        <div class=\"project__one-item-content\">\r\n                            <span>Progetti<\/span>\r\n                            <h4><a href=\"https:\/\/ferner.ro\/it\/portfolio\/paravane-dus\/\">Schermi doccia<\/a><\/h4>\r\n                        <\/div>\r\n                    <\/div>\r\n                <\/div>\r\n                            <div class=\"col-xl-3 col-lg-6 mt-25\">\r\n                    <div class=\"project__one-item\">\r\n                        <img decoding=\"async\" class=\"img__full\" src=\"https:\/\/ferner.ro\/wp-content\/uploads\/2023\/09\/bioclimatica-preview.png\" alt=\"Pergola bioclimatica\">\r\n                        <div class=\"project__one-item-content\">\r\n                            <span>Progetti<\/span>\r\n                            <h4><a href=\"https:\/\/ferner.ro\/it\/portfolio\/pergola-bioclimatica\/\">Pergola bioclimatica<\/a><\/h4>\r\n                        <\/div>\r\n                    <\/div>\r\n                <\/div>\r\n                            <div class=\"col-xl-3 col-lg-6 mt-25\">\r\n                    <div class=\"project__one-item\">\r\n                        <img decoding=\"async\" class=\"img__full\" src=\"https:\/\/ferner.ro\/wp-content\/uploads\/2023\/09\/bioclimatica-inchisa-preview.png\" alt=\"Pergola bioclimatica chiusa\">\r\n                        <div class=\"project__one-item-content\">\r\n                            <span>Progetti<\/span>\r\n                            <h4><a href=\"https:\/\/ferner.ro\/it\/portfolio\/pergola-bioclimatica-inchisa\/\">Pergola bioclimatica chiusa<\/a><\/h4>\r\n                        <\/div>\r\n                    <\/div>\r\n                <\/div>\r\n                            <div class=\"col-xl-3 col-lg-6 mt-25\">\r\n                    <div class=\"project__one-item\">\r\n                        <img decoding=\"async\" class=\"img__full\" src=\"https:\/\/ferner.ro\/wp-content\/uploads\/2023\/09\/pergola-membrana-pewview.png\" alt=\"Pergola con membrana\">\r\n                        <div class=\"project__one-item-content\">\r\n                            <span>Progetti<\/span>\r\n                            <h4><a href=\"https:\/\/ferner.ro\/it\/portfolio\/pergola-cu-membrana\/\">Pergola con membrana<\/a><\/h4>\r\n                        <\/div>\r\n                    <\/div>\r\n                <\/div>\r\n                            <div class=\"col-xl-3 col-lg-6 mt-25\">\r\n                    <div class=\"project__one-item\">\r\n                        <img decoding=\"async\" class=\"img__full\" src=\"https:\/\/ferner.ro\/wp-content\/uploads\/2023\/09\/pmi-preview.png\" alt=\"Pergolato a membrana chiusa\">\r\n                        <div class=\"project__one-item-content\">\r\n                            <span>Progetti<\/span>\r\n                            <h4><a href=\"https:\/\/ferner.ro\/it\/portfolio\/pergola-cu-membrana-inchisa\/\">Pergolato a membrana chiusa<\/a><\/h4>\r\n                        <\/div>\r\n                    <\/div>\r\n                <\/div>\r\n                            <div class=\"col-xl-3 col-lg-6 mt-25\">\r\n                    <div class=\"project__one-item\">\r\n                        <img decoding=\"async\" class=\"img__full\" src=\"https:\/\/ferner.ro\/wp-content\/uploads\/2023\/09\/placari-preview.png\" alt=\"Rivestimento con vetro\">\r\n                        <div class=\"project__one-item-content\">\r\n                            <span>Progetti<\/span>\r\n                            <h4><a href=\"https:\/\/ferner.ro\/it\/portfolio\/placari-cu-sticla\/\">Rivestimento con vetro<\/a><\/h4>\r\n                        <\/div>\r\n                    <\/div>\r\n                <\/div>\r\n                            <div class=\"col-xl-3 col-lg-6 mt-25\">\r\n                    <div class=\"project__one-item\">\r\n                        <img decoding=\"async\" class=\"img__full\" src=\"https:\/\/ferner.ro\/wp-content\/uploads\/2023\/09\/usi-preview.png\" alt=\"Porte in vetro\">\r\n                        <div class=\"project__one-item-content\">\r\n                            <span>Progetti<\/span>\r\n                            <h4><a href=\"https:\/\/ferner.ro\/it\/portfolio\/usi-din-sticla\/\">Porte in vetro<\/a><\/h4>\r\n                        <\/div>\r\n                    <\/div>\r\n                <\/div>\r\n                        <\/div>\r\n        <\/div>\r\n    \r\n\t\t<\/div>\n\t\t\t\t<\/div>\n\t\t\t\t\t<\/div>\n\t\t<\/div>\n\t\t\t\t\t\t\t<\/div>\n\t\t<\/section>\n\t\t\t\t\t\t\t<\/div>","protected":false},"excerpt":{"rendered":"<p>Proiecte Balustrade exterior Proiecte Balustrade interior Proiecte Cabine du\u0219 Proiecte Compartiment\u0103ri Proiecte Copertine Proiecte Gard metalic Proiecte \u00cenchideri balcon\/teras\u0103 Proiecte Paravane du\u0219 Proiecte Pergol\u0103 \ufeffbioclimatic\u0103 Proiecte Pergol\u0103 bioclimatic\u0103 \u00eenchis\u0103 Proiecte Pergol\u0103 cu membran\u0103 Proiecte Pergol\u0103 cu membran\u0103 \u00eenchis\u0103 Proiecte Plac\u0103ri cu sticl\u0103 Proiecte U\u0219i din sticl\u0103<\/p>","protected":false},"author":1,"featured_media":5015,"parent":0,"menu_order":0,"comment_status":"closed","ping_status":"closed","template":"page-builder.php","meta":{"footnotes":""},"class_list":["post-66","page","type-page","status-publish","has-post-thumbnail","hentry"],"_links":{"self":[{"href":"https:\/\/ferner.ro\/it\/wp-json\/wp\/v2\/pages\/66","targetHints":{"allow":["GET"]}}],"collection":[{"href":"https:\/\/ferner.ro\/it\/wp-json\/wp\/v2\/pages"}],"about":[{"href":"https:\/\/ferner.ro\/it\/wp-json\/wp\/v2\/types\/page"}],"author":[{"embeddable":true,"href":"https:\/\/ferner.ro\/it\/wp-json\/wp\/v2\/users\/1"}],"replies":[{"embeddable":true,"href":"https:\/\/ferner.ro\/it\/wp-json\/wp\/v2\/comments?post=66"}],"version-history":[{"count":15,"href":"https:\/\/ferner.ro\/it\/wp-json\/wp\/v2\/pages\/66\/revisions"}],"predecessor-version":[{"id":4694,"href":"https:\/\/ferner.ro\/it\/wp-json\/wp\/v2\/pages\/66\/revisions\/4694"}],"wp:featuredmedia":[{"embeddable":true,"href":"https:\/\/ferner.ro\/it\/wp-json\/wp\/v2\/media\/5015"}],"wp:attachment":[{"href":"https:\/\/ferner.ro\/it\/wp-json\/wp\/v2\/media?parent=66"}],"curies":[{"name":"wp","href":"https:\/\/api.w.org\/{rel}","templated":true}]}}